{"id":1887,"date":"2020-11-17T06:24:46","date_gmt":"2020-11-17T06:24:46","guid":{"rendered":"https:\/\/goc2020.govmu.org\/mmc_20210703\/?page_id=1887"},"modified":"2021-05-25T06:29:29","modified_gmt":"2021-05-25T06:29:29","slug":"past-exhibition","status":"publish","type":"page","link":"https:\/\/mauritiusmuseums.govmu.org\/mauritiusmuseums\/?page_id=1887","title":{"rendered":"Past Exhibition"},"content":{"rendered":"\t\t<div data-elementor-type=\"wp-post\" data-elementor-id=\"1887\" class=\"elementor elementor-1887\" data-elementor-post-type=\"page\">\n\t\t\t\t\t\t<section class=\"elementor-section elementor-top-section elementor-element elementor-element-7116a5b2 elementor-section-boxed elementor-section-height-default elementor-section-height-default\" data-id=\"7116a5b2\" data-element_type=\"section\" data-settings=\"{&quot;background_background&quot;:&quot;classic&quot;}\">\n\t\t\t\t\t\t\t<div class=\"elementor-background-overlay\"><\/div>\n\t\t\t\t\t\t\t<div class=\"elementor-container elementor-column-gap-no\">\n\t\t\t\t\t<div class=\"elementor-column elementor-col-100 elementor-top-column elementor-element elementor-element-6439be06\" data-id=\"6439be06\" data-element_type=\"column\" data-settings=\"{&quot;background_background&quot;:&quot;classic&quot;}\">\n\t\t\t<div class=\"elementor-widget-wrap elementor-element-populated\">\n\t\t\t\t\t\t<div class=\"elementor-element elementor-element-a9c819c elementor-widget elementor-widget-heading\" data-id=\"a9c819c\" data-element_type=\"widget\" data-widget_type=\"heading.default\">\n\t\t\t\t<div class=\"elementor-widget-container\">\n\t\t\t\t\t<h1 class=\"elementor-heading-title elementor-size-xxl\">Past Exhibition<\/h1>\t\t\t\t<\/div>\n\t\t\t\t<\/div>\n\t\t\t\t\t<\/div>\n\t\t<\/div>\n\t\t\t\t\t<\/div>\n\t\t<\/section>\n\t\t\t\t<section class=\"elementor-section elementor-top-section elementor-element elementor-element-e30dea1 elementor-section-boxed elementor-section-height-default elementor-section-height-default\" data-id=\"e30dea1\" data-element_type=\"section\">\n\t\t\t\t\t\t<div class=\"elementor-container elementor-column-gap-default\">\n\t\t\t\t\t<div class=\"elementor-column elementor-col-100 elementor-top-column elementor-element elementor-element-888b4fd\" data-id=\"888b4fd\" data-element_type=\"column\">\n\t\t\t<div class=\"elementor-widget-wrap elementor-element-populated\">\n\t\t\t\t\t\t<div class=\"elementor-element elementor-element-7a99e42 elementor-widget elementor-widget-shortcode\" data-id=\"7a99e42\" data-element_type=\"widget\" data-widget_type=\"shortcode.default\">\n\t\t\t\t<div class=\"elementor-widget-container\">\n\t\t\t\t\t\t\t<div class=\"elementor-shortcode\">\t<div class=\"wpnawfree-plugin news-clearfix \" id=\"wpnw-news-1\">\r\n\r\n\t\t\r\n\t\t\t<div id=\"post-6396\" class=\"news type-news wpnaw-blog-class has-no-date news-col-1 wpnaw-first\">\r\n\t\t\t\t<div class=\"news-inner-wrap-view news-clearfix wpnaw-news-no-image\">\r\n\r\n\t\t\t\t\t\r\n\t\t\t\t\t<div class=\"news-content\">\r\n\t\t\t\t\t\t\r\n\t\t\t\t\t\t<div class=\"post-content-text\">\r\n\t\t\t\t\t\t\t<h3 class=\"news-title\"><a href=\"https:\/\/mauritiusmuseums.govmu.org\/mauritiusmuseums\/?news=exhibition-on-the-history-of-the-constitutional-development-in-mauritius\" rel=\"bookmark\">Exhibition on &#8221; The History of the Constitutional Development in Mauritius&#8221;<\/a><\/h3>\t\t\t\t\t\t\t\t<div class=\"news-content-excerpt\">\r\n\t\t\t\t\t\t\t\t\t\t\t\t\t\t\t\t\t\t\t<div class=\"news-short-content\">\r\n\t\t\t\t\t\t\t\t\t\t\tA temporary Exhibition entitled \u201cThe History of the Constitutional Development in Mauritius\u201d is being displayed at the National History Museum, Mahebourg for visitors. This exhibition depicts the history of Mauritius...\t\t\t\t\t\t\t\t\t\t<\/div>\r\n\t\t\t\t\t\t\t\t\t\t<a href=\"https:\/\/mauritiusmuseums.govmu.org\/mauritiusmuseums\/?news=exhibition-on-the-history-of-the-constitutional-development-in-mauritius\" class=\"news-more-link\">Read More<\/a>\r\n\t\t\t\t\t\t\t\t\t\t\t\t\t\t\t\t\t<\/div><!-- .entry-content -->\r\n\t\t\t\t\t\t\t\t\t\t\t\t\t<\/div>\r\n\t\t\t\t\t<\/div>\r\n\t\t\t\t<\/div><!-- #post-## -->\r\n\t\t\t<\/div><!-- #post-## -->\r\n\t\t\r\n\t\t\t<div id=\"post-3747\" class=\"news type-news wpnaw-blog-class has-no-date news-col-1\">\r\n\t\t\t\t<div class=\"news-inner-wrap-view news-clearfix wpnaw-news-no-image\">\r\n\r\n\t\t\t\t\t\r\n\t\t\t\t\t<div class=\"news-content\">\r\n\t\t\t\t\t\t\r\n\t\t\t\t\t\t<div class=\"post-content-text\">\r\n\t\t\t\t\t\t\t<h3 class=\"news-title\"><a href=\"https:\/\/mauritiusmuseums.govmu.org\/mauritiusmuseums\/?news=international-museum-day-2021\" rel=\"bookmark\">International Museum Day &#8211; 2021<\/a><\/h3>\t\t\t\t\t\t\t\t<div class=\"news-content-excerpt\">\r\n\t\t\t\t\t\t\t\t\t\t\t\t\t\t\t\t\t\t\t<div class=\"news-short-content\">\r\n\t\t\t\t\t\t\t\t\t\t\tThe Mauritius Museums Council has put on display an Exhibition\u00a0 entitled \" Blue Water\"\u00a0\u00a0 at the Natural History Museum which can be viewed along\u00a0 Chauss\u00e9e street\u00a0 for a period of...\t\t\t\t\t\t\t\t\t\t<\/div>\r\n\t\t\t\t\t\t\t\t\t\t<a href=\"https:\/\/mauritiusmuseums.govmu.org\/mauritiusmuseums\/?news=international-museum-day-2021\" class=\"news-more-link\">Read More<\/a>\r\n\t\t\t\t\t\t\t\t\t\t\t\t\t\t\t\t\t<\/div><!-- .entry-content -->\r\n\t\t\t\t\t\t\t\t\t\t\t\t\t<\/div>\r\n\t\t\t\t\t<\/div>\r\n\t\t\t\t<\/div><!-- #post-## -->\r\n\t\t\t<\/div><!-- #post-## -->\r\n\t\t\r\n\t\t\t<div id=\"post-2845\" class=\"news type-news wpnaw-blog-class has-no-date news-col-1\">\r\n\t\t\t\t<div class=\"news-inner-wrap-view news-clearfix wpnaw-news-no-image\">\r\n\r\n\t\t\t\t\t\r\n\t\t\t\t\t<div class=\"news-content\">\r\n\t\t\t\t\t\t\r\n\t\t\t\t\t\t<div class=\"post-content-text\">\r\n\t\t\t\t\t\t\t<h3 class=\"news-title\"><a href=\"https:\/\/mauritiusmuseums.govmu.org\/mauritiusmuseums\/?news=international-museum-day-2019\" rel=\"bookmark\">International Museum Day &#8211; 2019<\/a><\/h3>\t\t\t\t\t\t\t\t<div class=\"news-content-excerpt\">\r\n\t\t\t\t\t\t\t\t\t\t\t\t\t\t\t\t\t\t\t<div class=\"news-short-content\">\r\n\t\t\t\t\t\t\t\t\t\t\tIn the context of International Museum Day, the Mauritius Museums council has organised an Exhibition on, \"Le&nbsp;Naufrage du Saint-G\u00e9ran et la L\u00e9gende de Paul et Virginie\" at the National History...\t\t\t\t\t\t\t\t\t\t<\/div>\r\n\t\t\t\t\t\t\t\t\t\t<a href=\"https:\/\/mauritiusmuseums.govmu.org\/mauritiusmuseums\/?news=international-museum-day-2019\" class=\"news-more-link\">Read More<\/a>\r\n\t\t\t\t\t\t\t\t\t\t\t\t\t\t\t\t\t<\/div><!-- .entry-content -->\r\n\t\t\t\t\t\t\t\t\t\t\t\t\t<\/div>\r\n\t\t\t\t\t<\/div>\r\n\t\t\t\t<\/div><!-- #post-## -->\r\n\t\t\t<\/div><!-- #post-## -->\r\n\t\t\r\n\t\t\t<div id=\"post-2855\" class=\"news type-news wpnaw-blog-class has-no-date news-col-1\">\r\n\t\t\t\t<div class=\"news-inner-wrap-view news-clearfix wpnaw-news-no-image\">\r\n\r\n\t\t\t\t\t\r\n\t\t\t\t\t<div class=\"news-content\">\r\n\t\t\t\t\t\t\r\n\t\t\t\t\t\t<div class=\"post-content-text\">\r\n\t\t\t\t\t\t\t<h3 class=\"news-title\"><a href=\"https:\/\/mauritiusmuseums.govmu.org\/mauritiusmuseums\/?news=photo-exhibition\" rel=\"bookmark\">Photo Exhibition<\/a><\/h3>\t\t\t\t\t\t\t\t<div class=\"news-content-excerpt\">\r\n\t\t\t\t\t\t\t\t\t\t\t\t\t\t\t\t\t\t\t<div class=\"news-short-content\">\r\n\t\t\t\t\t\t\t\t\t\t\tOn the occasion of 50th&nbsp; Anniversary of Independence of Mauritius, the MTPA has organised a Photo Exibition in the compound of the National History Museum, Mahebourg as from&nbsp;31st&nbsp;October 2017&nbsp;for a...\t\t\t\t\t\t\t\t\t\t<\/div>\r\n\t\t\t\t\t\t\t\t\t\t<a href=\"https:\/\/mauritiusmuseums.govmu.org\/mauritiusmuseums\/?news=photo-exhibition\" class=\"news-more-link\">Read More<\/a>\r\n\t\t\t\t\t\t\t\t\t\t\t\t\t\t\t\t\t<\/div><!-- .entry-content -->\r\n\t\t\t\t\t\t\t\t\t\t\t\t\t<\/div>\r\n\t\t\t\t\t<\/div>\r\n\t\t\t\t<\/div><!-- #post-## -->\r\n\t\t\t<\/div><!-- #post-## -->\r\n\t\t\r\n\t\t\t<div id=\"post-2852\" class=\"news type-news wpnaw-blog-class has-no-date news-col-1\">\r\n\t\t\t\t<div class=\"news-inner-wrap-view news-clearfix wpnaw-news-no-image\">\r\n\r\n\t\t\t\t\t\r\n\t\t\t\t\t<div class=\"news-content\">\r\n\t\t\t\t\t\t\r\n\t\t\t\t\t\t<div class=\"post-content-text\">\r\n\t\t\t\t\t\t\t<h3 class=\"news-title\"><a href=\"https:\/\/mauritiusmuseums.govmu.org\/mauritiusmuseums\/?news=international-museum-day-2017\" rel=\"bookmark\">International Museum Day &#8211; 2017<\/a><\/h3>\t\t\t\t\t\t\t\t<div class=\"news-content-excerpt\">\r\n\t\t\t\t\t\t\t\t\t\t\t\t\t\t\t\t\t\t\t<div class=\"news-short-content\">\r\n\t\t\t\t\t\t\t\t\t\t\tInternational Museum Day is celebrated on 18 May every year and the theme for this year is \"Museums and contested histories: Saying the unspeakable in Museums\" In the context of...\t\t\t\t\t\t\t\t\t\t<\/div>\r\n\t\t\t\t\t\t\t\t\t\t<a href=\"https:\/\/mauritiusmuseums.govmu.org\/mauritiusmuseums\/?news=international-museum-day-2017\" class=\"news-more-link\">Read More<\/a>\r\n\t\t\t\t\t\t\t\t\t\t\t\t\t\t\t\t\t<\/div><!-- .entry-content -->\r\n\t\t\t\t\t\t\t\t\t\t\t\t\t<\/div>\r\n\t\t\t\t\t<\/div>\r\n\t\t\t\t<\/div><!-- #post-## -->\r\n\t\t\t<\/div><!-- #post-## -->\r\n\t\t\r\n\t\t\t<div id=\"post-2851\" class=\"news type-news wpnaw-blog-class has-no-date news-col-1\">\r\n\t\t\t\t<div class=\"news-inner-wrap-view news-clearfix wpnaw-news-no-image\">\r\n\r\n\t\t\t\t\t\r\n\t\t\t\t\t<div class=\"news-content\">\r\n\t\t\t\t\t\t\r\n\t\t\t\t\t\t<div class=\"post-content-text\">\r\n\t\t\t\t\t\t\t<h3 class=\"news-title\"><a href=\"https:\/\/mauritiusmuseums.govmu.org\/mauritiusmuseums\/?news=exhibition-arrival-of-the-indentured-labourers\" rel=\"bookmark\">Exhibition &#8211; Arrival of the Indentured Labourers<\/a><\/h3>\t\t\t\t\t\t\t\t<div class=\"news-content-excerpt\">\r\n\t\t\t\t\t\t\t\t\t\t\t\t\t\t\t\t\t\t\t<div class=\"news-short-content\">\r\n\t\t\t\t\t\t\t\t\t\t\tTo commemorate the 182nd Anniversary of the Arrival of the Indentured Labourers, the Mauritius Museums Council in collabaration with the Ministry of Arts and Culture has organised an Exhibition at...\t\t\t\t\t\t\t\t\t\t<\/div>\r\n\t\t\t\t\t\t\t\t\t\t<a href=\"https:\/\/mauritiusmuseums.govmu.org\/mauritiusmuseums\/?news=exhibition-arrival-of-the-indentured-labourers\" class=\"news-more-link\">Read More<\/a>\r\n\t\t\t\t\t\t\t\t\t\t\t\t\t\t\t\t\t<\/div><!-- .entry-content -->\r\n\t\t\t\t\t\t\t\t\t\t\t\t\t<\/div>\r\n\t\t\t\t\t<\/div>\r\n\t\t\t\t<\/div><!-- #post-## -->\r\n\t\t\t<\/div><!-- #post-## -->\r\n\t\t\r\n\t\t\t<div id=\"post-2848\" class=\"news type-news wpnaw-blog-class has-no-date news-col-1\">\r\n\t\t\t\t<div class=\"news-inner-wrap-view news-clearfix wpnaw-news-no-image\">\r\n\r\n\t\t\t\t\t\r\n\t\t\t\t\t<div class=\"news-content\">\r\n\t\t\t\t\t\t\r\n\t\t\t\t\t\t<div class=\"post-content-text\">\r\n\t\t\t\t\t\t\t<h3 class=\"news-title\"><a href=\"https:\/\/mauritiusmuseums.govmu.org\/mauritiusmuseums\/?news=tricentenaire-de-larrivee-des-francais-a-lile-maurice\" rel=\"bookmark\">Tricentenaire de l&#8217;arriv\u00e9e des fran\u00e7ais \u00e0 l&#8217;ile Maurice<\/a><\/h3>\t\t\t\t\t\t\t\t<div class=\"news-content-excerpt\">\r\n\t\t\t\t\t\t\t\t\t\t\t\t\t\t\t\t\t\t\t<div class=\"news-short-content\">\r\n\t\t\t\t\t\t\t\t\t\t\tDans le cadre du Tricentenaire de l\u2019arriv\u00e9e des Fran\u00e7ais \u00e0 l'ile Maurice, le Minist\u00e8re des Arts et de la Culture en collaboration avec Mauritius Museums Council a tenu une&nbsp;Exposition sur...\t\t\t\t\t\t\t\t\t\t<\/div>\r\n\t\t\t\t\t\t\t\t\t\t<a href=\"https:\/\/mauritiusmuseums.govmu.org\/mauritiusmuseums\/?news=tricentenaire-de-larrivee-des-francais-a-lile-maurice\" class=\"news-more-link\">Read More<\/a>\r\n\t\t\t\t\t\t\t\t\t\t\t\t\t\t\t\t\t<\/div><!-- .entry-content -->\r\n\t\t\t\t\t\t\t\t\t\t\t\t\t<\/div>\r\n\t\t\t\t\t<\/div>\r\n\t\t\t\t<\/div><!-- #post-## -->\r\n\t\t\t<\/div><!-- #post-## -->\r\n\t\t\r\n\t\t\t<div id=\"post-2836\" class=\"news type-news wpnaw-blog-class has-no-date news-col-1\">\r\n\t\t\t\t<div class=\"news-inner-wrap-view news-clearfix wpnaw-news-no-image\">\r\n\r\n\t\t\t\t\t\r\n\t\t\t\t\t<div class=\"news-content\">\r\n\t\t\t\t\t\t\r\n\t\t\t\t\t\t<div class=\"post-content-text\">\r\n\t\t\t\t\t\t\t<h3 class=\"news-title\"><a href=\"https:\/\/mauritiusmuseums.govmu.org\/mauritiusmuseums\/?news=exhibition-of-stones-and-other-artefacts-by-mr-d-mungun\" rel=\"bookmark\">Exhibition of Stones and other artefacts by Mr D.Mungun<\/a><\/h3>\t\t\t\t\t\t\t\t<div class=\"news-content-excerpt\">\r\n\t\t\t\t\t\t\t\t\t\t\t\t\t\t\t\t\t\t\t<div class=\"news-short-content\">\r\n\t\t\t\t\t\t\t\t\t\t\tThe Mauritius Museums Council under the aegis of the Ministry of Arts and Culture&nbsp; in collaboration with&nbsp; Soul Heritage &amp; Environment has launched an Exhibition&nbsp; at the National History Museum,...\t\t\t\t\t\t\t\t\t\t<\/div>\r\n\t\t\t\t\t\t\t\t\t\t<a href=\"https:\/\/mauritiusmuseums.govmu.org\/mauritiusmuseums\/?news=exhibition-of-stones-and-other-artefacts-by-mr-d-mungun\" class=\"news-more-link\">Read More<\/a>\r\n\t\t\t\t\t\t\t\t\t\t\t\t\t\t\t\t\t<\/div><!-- .entry-content -->\r\n\t\t\t\t\t\t\t\t\t\t\t\t\t<\/div>\r\n\t\t\t\t\t<\/div>\r\n\t\t\t\t<\/div><!-- #post-## -->\r\n\t\t\t<\/div><!-- #post-## -->\r\n\t\t\r\n\t\t\t<div id=\"post-2832\" class=\"news type-news wpnaw-blog-class has-no-date news-col-1\">\r\n\t\t\t\t<div class=\"news-inner-wrap-view news-clearfix wpnaw-news-no-image\">\r\n\r\n\t\t\t\t\t\r\n\t\t\t\t\t<div class=\"news-content\">\r\n\t\t\t\t\t\t\r\n\t\t\t\t\t\t<div class=\"post-content-text\">\r\n\t\t\t\t\t\t\t<h3 class=\"news-title\"><a href=\"https:\/\/mauritiusmuseums.govmu.org\/mauritiusmuseums\/?news=exhibition-by-bamba-sourang\" rel=\"bookmark\">Exhibition by Bamba Sourang<\/a><\/h3>\t\t\t\t\t\t\t\t<div class=\"news-content-excerpt\">\r\n\t\t\t\t\t\t\t\t\t\t\t\t\t\t\t\t\t\t\t<div class=\"news-short-content\">\r\n\t\t\t\t\t\t\t\t\t\t\tExhibition&nbsp; \"expo&nbsp;ARTEXTURES\" by Artist Mr. Bamba Sourang at the Exhibition Gallery of Mauritius Museums Council, Mauritius Institute Building, Chauss\u00e9e Port Louis.Date: 20 June - 26 June 2014.Mr. Bamba Sourang has...\t\t\t\t\t\t\t\t\t\t<\/div>\r\n\t\t\t\t\t\t\t\t\t\t<a href=\"https:\/\/mauritiusmuseums.govmu.org\/mauritiusmuseums\/?news=exhibition-by-bamba-sourang\" class=\"news-more-link\">Read More<\/a>\r\n\t\t\t\t\t\t\t\t\t\t\t\t\t\t\t\t\t<\/div><!-- .entry-content -->\r\n\t\t\t\t\t\t\t\t\t\t\t\t\t<\/div>\r\n\t\t\t\t\t<\/div>\r\n\t\t\t\t<\/div><!-- #post-## -->\r\n\t\t\t<\/div><!-- #post-## -->\r\n\t\t\r\n\t\t\t<div id=\"post-2827\" class=\"news type-news wpnaw-blog-class has-no-date news-col-1 wpnaw-last\">\r\n\t\t\t\t<div class=\"news-inner-wrap-view news-clearfix wpnaw-news-no-image\">\r\n\r\n\t\t\t\t\t\r\n\t\t\t\t\t<div class=\"news-content\">\r\n\t\t\t\t\t\t\r\n\t\t\t\t\t\t<div class=\"post-content-text\">\r\n\t\t\t\t\t\t\t<h3 class=\"news-title\"><a href=\"https:\/\/mauritiusmuseums.govmu.org\/mauritiusmuseums\/?news=international-museum-day-2014\" rel=\"bookmark\">International Museum Day &#8211; 2014<\/a><\/h3>\t\t\t\t\t\t\t\t<div class=\"news-content-excerpt\">\r\n\t\t\t\t\t\t\t\t\t\t\t\t\t\t\t\t\t\t\t<div class=\"news-short-content\">\r\n\t\t\t\t\t\t\t\t\t\t\tIn the context of the International Museum Day, the theme retained by the ICOM for year 2014 is \u201cMuseum collections make connection\u201d.&nbsp;To mark the International Museum Day 2014, the Mauritius...\t\t\t\t\t\t\t\t\t\t<\/div>\r\n\t\t\t\t\t\t\t\t\t\t<a href=\"https:\/\/mauritiusmuseums.govmu.org\/mauritiusmuseums\/?news=international-museum-day-2014\" class=\"news-more-link\">Read More<\/a>\r\n\t\t\t\t\t\t\t\t\t\t\t\t\t\t\t\t\t<\/div><!-- .entry-content -->\r\n\t\t\t\t\t\t\t\t\t\t\t\t\t<\/div>\r\n\t\t\t\t\t<\/div>\r\n\t\t\t\t<\/div><!-- #post-## -->\r\n\t\t\t<\/div><!-- #post-## -->\r\n\t\t\t\t\t<div class=\"news_pagination wpnw-numeric\">\r\n\t\t\t\t<span aria-current=\"page\" class=\"page-numbers current\">1<\/span>\n<a class=\"page-numbers\" href=\"https:\/\/mauritiusmuseums.govmu.org\/mauritiusmuseums\/index.php#038;paged=2#wpnw-news-1\">2<\/a>\n<a class=\"next page-numbers\" href=\"https:\/\/mauritiusmuseums.govmu.org\/mauritiusmuseums\/index.php#038;paged=2#wpnw-news-1\">Next &raquo;<\/a>\t\t\t<\/div>\r\n\t\t\t<\/div>\r\n\r\n\t<\/div>\n\t\t\t\t\t\t<\/div>\n\t\t\t\t<\/div>\n\t\t\t\t\t<\/div>\n\t\t<\/div>\n\t\t\t\t\t<\/div>\n\t\t<\/section>\n\t\t\t\t<\/div>\n\t\t","protected":false},"excerpt":{"rendered":"<p>Past Exhibition<\/p>\n","protected":false},"author":1,"featured_media":0,"parent":0,"menu_order":0,"comment_status":"closed","ping_status":"closed","template":"","meta":{"ngg_post_thumbnail":0,"footnotes":""},"class_list":["post-1887","page","type-page","status-publish","hentry"],"_links":{"self":[{"href":"https:\/\/mauritiusmuseums.govmu.org\/mauritiusmuseums\/index.php?rest_route=\/wp\/v2\/pages\/1887","targetHints":{"allow":["GET"]}}],"collection":[{"href":"https:\/\/mauritiusmuseums.govmu.org\/mauritiusmuseums\/index.php?rest_route=\/wp\/v2\/pages"}],"about":[{"href":"https:\/\/mauritiusmuseums.govmu.org\/mauritiusmuseums\/index.php?rest_route=\/wp\/v2\/types\/page"}],"author":[{"embeddable":true,"href":"https:\/\/mauritiusmuseums.govmu.org\/mauritiusmuseums\/index.php?rest_route=\/wp\/v2\/users\/1"}],"replies":[{"embeddable":true,"href":"https:\/\/mauritiusmuseums.govmu.org\/mauritiusmuseums\/index.php?rest_route=%2Fwp%2Fv2%2Fcomments&post=1887"}],"version-history":[{"count":52,"href":"https:\/\/mauritiusmuseums.govmu.org\/mauritiusmuseums\/index.php?rest_route=\/wp\/v2\/pages\/1887\/revisions"}],"predecessor-version":[{"id":3759,"href":"https:\/\/mauritiusmuseums.govmu.org\/mauritiusmuseums\/index.php?rest_route=\/wp\/v2\/pages\/1887\/revisions\/3759"}],"wp:attachment":[{"href":"https:\/\/mauritiusmuseums.govmu.org\/mauritiusmuseums\/index.php?rest_route=%2Fwp%2Fv2%2Fmedia&parent=1887"}],"curies":[{"name":"wp","href":"https:\/\/api.w.org\/{rel}","templated":true}]}}