{"id":1867,"date":"2020-11-17T06:17:53","date_gmt":"2020-11-17T06:17:53","guid":{"rendered":"https:\/\/goc2020.govmu.org\/mmc_20210703\/?page_id=1867"},"modified":"2021-06-09T07:03:25","modified_gmt":"2021-06-09T07:03:25","slug":"reh-historical-background","status":"publish","type":"page","link":"https:\/\/mauritiusmuseums.govmu.org\/mauritiusmuseums\/?page_id=1867","title":{"rendered":"Historical Background"},"content":{"rendered":"\t\t<div data-elementor-type=\"wp-post\" data-elementor-id=\"1867\" class=\"elementor elementor-1867\" data-elementor-post-type=\"page\">\n\t\t\t\t\t\t<section class=\"elementor-section elementor-top-section elementor-element elementor-element-7116a5b2 elementor-section-boxed elementor-section-height-default elementor-section-height-default\" data-id=\"7116a5b2\" data-element_type=\"section\" data-settings=\"{&quot;background_background&quot;:&quot;classic&quot;}\">\n\t\t\t\t\t\t\t<div class=\"elementor-background-overlay\"><\/div>\n\t\t\t\t\t\t\t<div class=\"elementor-container elementor-column-gap-no\">\n\t\t\t\t\t<div class=\"elementor-column elementor-col-100 elementor-top-column elementor-element elementor-element-1e13eb1\" data-id=\"1e13eb1\" data-element_type=\"column\">\n\t\t\t<div class=\"elementor-widget-wrap\">\n\t\t\t\t\t\t\t<\/div>\n\t\t<\/div>\n\t\t\t\t\t<\/div>\n\t\t<\/section>\n\t\t\t\t<section class=\"elementor-section elementor-top-section elementor-element elementor-element-db763a6 elementor-section-boxed elementor-section-height-default elementor-section-height-default\" data-id=\"db763a6\" data-element_type=\"section\">\n\t\t\t\t\t\t<div class=\"elementor-container elementor-column-gap-default\">\n\t\t\t\t\t<div class=\"elementor-column elementor-col-100 elementor-top-column elementor-element elementor-element-9e0cc88\" data-id=\"9e0cc88\" data-element_type=\"column\">\n\t\t\t<div class=\"elementor-widget-wrap elementor-element-populated\">\n\t\t\t\t\t\t<div class=\"elementor-element elementor-element-d63a532 elementor-widget elementor-widget-text-editor\" data-id=\"d63a532\" data-element_type=\"widget\" data-widget_type=\"text-editor.default\">\n\t\t\t\t<div class=\"elementor-widget-container\">\n\t\t\t\t\t\t\t\t\t<p style=\"text-align: center;\"><em><strong>Robert Edward Hart Memorial Museum<\/strong><\/em><\/p>\t\t\t\t\t\t\t\t<\/div>\n\t\t\t\t<\/div>\n\t\t\t\t\t<\/div>\n\t\t<\/div>\n\t\t\t\t\t<\/div>\n\t\t<\/section>\n\t\t\t\t<section class=\"elementor-section elementor-top-section elementor-element elementor-element-6c0f916 elementor-section-boxed elementor-section-height-default elementor-section-height-default\" data-id=\"6c0f916\" data-element_type=\"section\">\n\t\t\t\t\t\t<div class=\"elementor-container elementor-column-gap-default\">\n\t\t\t\t\t<div class=\"elementor-column elementor-col-100 elementor-top-column elementor-element elementor-element-e51c724\" data-id=\"e51c724\" data-element_type=\"column\">\n\t\t\t<div class=\"elementor-widget-wrap elementor-element-populated\">\n\t\t\t\t\t\t<div class=\"elementor-element elementor-element-602dcbd elementor-widget elementor-widget-heading\" data-id=\"602dcbd\" data-element_type=\"widget\" data-widget_type=\"heading.default\">\n\t\t\t\t<div class=\"elementor-widget-container\">\n\t\t\t\t\t<h3 class=\"elementor-heading-title elementor-size-large\">Historical Background<\/h3>\t\t\t\t<\/div>\n\t\t\t\t<\/div>\n\t\t\t\t<div class=\"elementor-element elementor-element-f67fa4e elementor-widget-divider--view-line elementor-widget elementor-widget-divider\" data-id=\"f67fa4e\" data-element_type=\"widget\" data-widget_type=\"divider.default\">\n\t\t\t\t<div class=\"elementor-widget-container\">\n\t\t\t\t\t\t\t<div class=\"elementor-divider\">\n\t\t\t<span class=\"elementor-divider-separator\">\n\t\t\t\t\t\t<\/span>\n\t\t<\/div>\n\t\t\t\t\t\t<\/div>\n\t\t\t\t<\/div>\n\t\t\t\t\t<\/div>\n\t\t<\/div>\n\t\t\t\t\t<\/div>\n\t\t<\/section>\n\t\t\t\t<section class=\"elementor-section elementor-top-section elementor-element elementor-element-894b2d5 elementor-section-boxed elementor-section-height-default elementor-section-height-default\" data-id=\"894b2d5\" data-element_type=\"section\">\n\t\t\t\t\t\t<div class=\"elementor-container elementor-column-gap-default\">\n\t\t\t\t\t<div class=\"elementor-column elementor-col-66 elementor-top-column elementor-element elementor-element-e09f336\" data-id=\"e09f336\" data-element_type=\"column\">\n\t\t\t<div class=\"elementor-widget-wrap elementor-element-populated\">\n\t\t\t\t\t\t<div class=\"elementor-element elementor-element-0d2be3d elementor-widget elementor-widget-text-editor\" data-id=\"0d2be3d\" data-element_type=\"widget\" data-widget_type=\"text-editor.default\">\n\t\t\t\t<div class=\"elementor-widget-container\">\n\t\t\t\t\t\t\t\t\t<div style=\"text-align: justify;\">The Robert Edward Hart Memorial Museum is located in the newly renovated coral bungalow by the seashore at Souillac. It is at this place that the Mauritian poet spent the last years of his life.<\/div><div><div>\u00a0<\/div><div style=\"text-align: justify;\">Robert Edward Hart was born in Port Louis on 17 August 1891. He was the Curator\/Librarian of the Mauritius Institute in Port Louis. Robert Edward Hart moved to Souillac when he retired in 1941. When his first house was destroyed in a cyclone, his friends contributed to erect a bungalow in coral stones (also known as La Nef). After the death of Robert Edward Hart in 1954, the premises were purchased by the Government in 1963, to set up a museum to perpetuate the memory of the great poet. The building was repaired and the museum was opened to the public on 6 November 1967. The museum was renovated completely and reopened on 17 August 2003 on the occasion of the birth anniversary of Robert Edward Hart.<\/div><\/div><div><div>\u00a0<\/div><div style=\"text-align: justify;\">Robert Edward Hart wrote his first poems\/verses at the age of 15. In 1912, he L\u00c3\u0192\u00c2\u00a2\u00c3\u00a2\u00e2\u20ac\u0161\u00c2\u00ac\u00c3\u00a2\u00e2 published Pages m\u00c3\u0192\u00c6\u2019\u00c3\u201a\u00c2\u00a9lancholiques and d\u00c3\u0192\u00c2\u00a2\u00c3\u00a2\u00e2\u20ac\u0161\u00c2\u00ac\u00c3\u00a2\u00e2 \u20ac\u017e\u00c2\u00a2Ile \u20ac\u017e\u00c2\u00a2Or. After his return from Madagascar in 1917, he published Sensations de route, La vie harmonieuse, Les voix intimes and Sur L\u00c3\u0192\u00c2\u00a2\u00c3\u00a2\u00e2\u20ac\u0161\u00c2\u00ac\u00c3\u00a2\u00e2 la syrinx. He founded the magazine Apr\u00ebs Midi of which he was the Editor-in-Chief. A few months later, in 1923, he succeeded his father as Curator\/Librarian at the Mauritius Institute. It was from this time that his literary activities developed further to enrich the Mauritian literature. In 1937, he published under the title Po\u00ebmes solaires a selection of his poems for which he was awarded the Prix Edgar Poe by Maison de Po\u00ebsie de France. Robert Edward Hart was greatly influenced by the Hindu scripture, the Bhagavad Gita, and wrote Po\u00eames v\u00e9ridiques. He wrote many articles and chronicles for journals and magazines. Robert Edward Hart was honoured with the d\u00c3\u0192\u00c2\u00a2\u00c3\u00a2\u00e2\u20ac\u0161\u00c2\u00ac\u00c3\u00a2\u00e2 titles of Chevalier de la L\u00c3\u0192\u00c6\u2019\u00c3\u201a\u00c2\u00a9gion \u20ac\u017e\u00c2\u00a2Honneur and Officer of the British Empire by France and England respectively. Robert Edward Hart had great passion for paintings and music and he played the violin. He also studied psychiatry. Robert Edward Hart died on 6 November 1954. He was buried at the Souillac Cemetery which can be seen from the museum.<\/div><\/div>\t\t\t\t\t\t\t\t<\/div>\n\t\t\t\t<\/div>\n\t\t\t\t\t<\/div>\n\t\t<\/div>\n\t\t\t\t<div class=\"elementor-column elementor-col-33 elementor-top-column elementor-element elementor-element-42ac3e5\" data-id=\"42ac3e5\" data-element_type=\"column\">\n\t\t\t<div class=\"elementor-widget-wrap elementor-element-populated\">\n\t\t\t\t\t\t<div class=\"elementor-element elementor-element-e219157 elementor-widget elementor-widget-image\" data-id=\"e219157\" data-element_type=\"widget\" data-widget_type=\"image.default\">\n\t\t\t\t<div class=\"elementor-widget-container\">\n\t\t\t\t\t\t\t\t\t\t\t\t<figure class=\"wp-caption\">\n\t\t\t\t\t\t\t\t\t\t<img fetchpriority=\"high\" decoding=\"async\" width=\"640\" height=\"629\" src=\"https:\/\/mauritiusmuseums.govmu.org\/mauritiusmuseums\/wp-content\/uploads\/2021\/06\/violin.jpg\" class=\"attachment-large size-large wp-image-3881\" alt=\"\" srcset=\"https:\/\/mauritiusmuseums.govmu.org\/mauritiusmuseums\/wp-content\/uploads\/2021\/06\/violin.jpg 640w, https:\/\/mauritiusmuseums.govmu.org\/mauritiusmuseums\/wp-content\/uploads\/2021\/06\/violin-300x295.jpg 300w, https:\/\/mauritiusmuseums.govmu.org\/mauritiusmuseums\/wp-content\/uploads\/2021\/06\/violin-600x590.jpg 600w\" sizes=\"(max-width: 640px) 100vw, 640px\" \/>\t\t\t\t\t\t\t\t\t\t\t<figcaption class=\"widget-image-caption wp-caption-text\">Violin<\/figcaption>\n\t\t\t\t\t\t\t\t\t\t<\/figure>\n\t\t\t\t\t\t\t\t\t<\/div>\n\t\t\t\t<\/div>\n\t\t\t\t<div class=\"elementor-element elementor-element-c3687aa elementor-widget elementor-widget-image\" data-id=\"c3687aa\" data-element_type=\"widget\" data-widget_type=\"image.default\">\n\t\t\t\t<div class=\"elementor-widget-container\">\n\t\t\t\t\t\t\t\t\t\t\t\t<figure class=\"wp-caption\">\n\t\t\t\t\t\t\t\t\t\t<img decoding=\"async\" width=\"640\" height=\"425\" src=\"https:\/\/mauritiusmuseums.govmu.org\/mauritiusmuseums\/wp-content\/uploads\/2020\/11\/office-desk.jpg\" class=\"attachment-large size-large wp-image-2285\" alt=\"\" srcset=\"https:\/\/mauritiusmuseums.govmu.org\/mauritiusmuseums\/wp-content\/uploads\/2020\/11\/office-desk.jpg 640w, https:\/\/mauritiusmuseums.govmu.org\/mauritiusmuseums\/wp-content\/uploads\/2020\/11\/office-desk-300x199.jpg 300w\" sizes=\"(max-width: 640px) 100vw, 640px\" \/>\t\t\t\t\t\t\t\t\t\t\t<figcaption class=\"widget-image-caption wp-caption-text\">Office Desk<\/figcaption>\n\t\t\t\t\t\t\t\t\t\t<\/figure>\n\t\t\t\t\t\t\t\t\t<\/div>\n\t\t\t\t<\/div>\n\t\t\t\t<div class=\"elementor-element elementor-element-7a3a78e elementor-widget elementor-widget-text-editor\" data-id=\"7a3a78e\" data-element_type=\"widget\" data-widget_type=\"text-editor.default\">\n\t\t\t\t<div class=\"elementor-widget-container\">\n\t\t\t\t\t\t\t\t\t<p style=\"text-align: center;\"><a href=\"\/mmc\/index.php\/nggallery\/mmc-album\/robert-edward-hart-memorial-museum?page_id=1901\"><em><span style=\"color: #12516f;\"><strong>Browse gallery of items<\/strong><\/span><\/em><\/a><\/p>\t\t\t\t\t\t\t\t<\/div>\n\t\t\t\t<\/div>\n\t\t\t\t\t<\/div>\n\t\t<\/div>\n\t\t\t\t\t<\/div>\n\t\t<\/section>\n\t\t\t\t<\/div>\n\t\t","protected":false},"excerpt":{"rendered":"<p>Robert Edward Hart Memorial Museum Historical Background The Robert Edward Hart Memorial Museum is located in the newly renovated coral bungalow by the seashore at Souillac. It is at this place that the Mauritian poet spent the last years of his life.\u00a0Robert Edward Hart was born in Port Louis on 17 August 1891. He was &hellip;<\/p>\n<p class=\"read-more\"> <a class=\"\" href=\"https:\/\/mauritiusmuseums.govmu.org\/mauritiusmuseums\/?page_id=1867\"> <span class=\"screen-reader-text\">Historical Background<\/span> Read More &raquo;<\/a><\/p>\n","protected":false},"author":1,"featured_media":0,"parent":0,"menu_order":0,"comment_status":"closed","ping_status":"closed","template":"","meta":{"ngg_post_thumbnail":0,"footnotes":""},"class_list":["post-1867","page","type-page","status-publish","hentry"],"_links":{"self":[{"href":"https:\/\/mauritiusmuseums.govmu.org\/mauritiusmuseums\/index.php?rest_route=\/wp\/v2\/pages\/1867","targetHints":{"allow":["GET"]}}],"collection":[{"href":"https:\/\/mauritiusmuseums.govmu.org\/mauritiusmuseums\/index.php?rest_route=\/wp\/v2\/pages"}],"about":[{"href":"https:\/\/mauritiusmuseums.govmu.org\/mauritiusmuseums\/index.php?rest_route=\/wp\/v2\/types\/page"}],"author":[{"embeddable":true,"href":"https:\/\/mauritiusmuseums.govmu.org\/mauritiusmuseums\/index.php?rest_route=\/wp\/v2\/users\/1"}],"replies":[{"embeddable":true,"href":"https:\/\/mauritiusmuseums.govmu.org\/mauritiusmuseums\/index.php?rest_route=%2Fwp%2Fv2%2Fcomments&post=1867"}],"version-history":[{"count":29,"href":"https:\/\/mauritiusmuseums.govmu.org\/mauritiusmuseums\/index.php?rest_route=\/wp\/v2\/pages\/1867\/revisions"}],"predecessor-version":[{"id":3896,"href":"https:\/\/mauritiusmuseums.govmu.org\/mauritiusmuseums\/index.php?rest_route=\/wp\/v2\/pages\/1867\/revisions\/3896"}],"wp:attachment":[{"href":"https:\/\/mauritiusmuseums.govmu.org\/mauritiusmuseums\/index.php?rest_route=%2Fwp%2Fv2%2Fmedia&parent=1867"}],"curies":[{"name":"wp","href":"https:\/\/api.w.org\/{rel}","templated":true}]}}